{"id":2458,"date":"2022-11-11T14:47:35","date_gmt":"2022-11-11T13:47:35","guid":{"rendered":"https:\/\/www.aquamore.it\/stezzano-spa-e-wellness\/?page_id=2458"},"modified":"2023-03-14T12:23:30","modified_gmt":"2023-03-14T11:23:30","slug":"technology","status":"publish","type":"page","link":"https:\/\/www.aquamore.it\/stezzano-spa-e-wellness\/technology\/","title":{"rendered":"TECHNOLOGY"},"content":{"rendered":"<div class=\"wpb-content-wrapper\">[vc_row thb_full_width=&#8221;true&#8221; thb_row_padding=&#8221;true&#8221; thb_column_padding=&#8221;true&#8221; full_height=&#8221;yes&#8221; columns_placement=&#8221;bottom&#8221; content_placement=&#8221;middle&#8221; thb_scroll_bottom=&#8221;true&#8221; thb_divider_position=&#8221;bottom&#8221; css=&#8221;.vc_custom_1678793003311{margin-right: 15px !important;margin-left: 15px !important;padding-top: 5vh !important;padding-bottom: 5vh !important;background-image: url(https:\/\/www.aquamore.it\/stezzano-spa-e-wellness\/wp-content\/uploads\/sites\/18\/2023\/03\/1525869627.jpg?id=2590) !important;background-position: center !important;background-repeat: no-repeat !important;background-size: cover !important;}&#8221; bg_gradient1=&#8221;rgba(255,255,255,0.2)&#8221; bg_gradient2=&#8221;rgba(255,255,255,0.2)&#8221;][vc_column width=&#8221;1\/6&#8243;][\/vc_column][vc_column width=&#8221;2\/3&#8243;][vc_custom_heading text=&#8221;Technology&#8221; font_container=&#8221;tag:h1|text_align:center&#8221; use_theme_fonts=&#8221;yes&#8221;][\/vc_column][vc_column width=&#8221;1\/6&#8243;][\/vc_column][\/vc_row][vc_row thb_full_width=&#8221;true&#8221; thb_row_padding=&#8221;true&#8221; thb_column_padding=&#8221;true&#8221; full_height=&#8221;yes&#8221; columns_placement=&#8221;bottom&#8221; rtl_reverse=&#8221;yes&#8221; content_placement=&#8221;middle&#8221; thb_scroll_bottom=&#8221;true&#8221; thb_divider_position=&#8221;bottom&#8221; css=&#8221;.vc_custom_1669113389474{margin-right: 15px !important;margin-left: 15px !important;padding-top: 5vh !important;padding-bottom: 5vh !important;background-position: center !important;background-repeat: no-repeat !important;background-size: cover !important;}&#8221; bg_gradient1=&#8221;rgba(255,255,255,0.2)&#8221; bg_gradient2=&#8221;rgba(255,255,255,0.2)&#8221;][vc_column width=&#8221;1\/6&#8243;][\/vc_column][vc_column width=&#8221;2\/3&#8243;]\t<div id=\"thb-awards-85\" class=\"thb-awards-parent\">\n\t\t\t<div class=\"thb-awards row\">\n\t\t<div class=\"small-12 large-3 columns\">\n\t\t\t<span class=\"award-date\">SKIN CHECK<\/span>\n\t\t<\/div>\n\t\t<div class=\"columns\">\n\t\t\t<div class=\"award-container\">\n\t\t\t\t<div class=\"row\">\n\t\t\t\t\t<div class=\"small-6 large-5 columns\">\n\t\t\t\t\t\tIl primo passo per iniziare i trattamenti mirati alla cura dell&#039;inestetismo della pelle \u00e8 valutare oggettivamente lo stato di salute. Grazie alla Skin Station, dotata di microcamere e sonde in grado di misurare con precisione il livello di idratazione, lo spessore, lo stato lipidico e tutti quei fattori che ne pregiudicano l&#039;integrit\u00e0 siamo in grado di strutturare il programma mirato al miglioramento e alla risoluzione dell&#039;inestetismo.\t\t\t\t\t<\/div>\n\t\t\t\t\t<div class=\"small-6 large-7 columns small-text-left medium-text-right thb-award-description\">\n\t\t\t\t\t\t<strong>25'<\/strong>\t\t\t\t\t<\/div>\n\t\t\t\t<\/div>\n\t\t\t<\/div>\n\t\t<\/div>\n\t<\/div>\n\t\t<div class=\"thb-awards row\">\n\t\t<div class=\"small-12 large-3 columns\">\n\t\t\t<span class=\"award-date\">DEPILAZIONE PERMANENTE<\/span>\n\t\t<\/div>\n\t\t<div class=\"columns\">\n\t\t\t<div class=\"award-container\">\n\t\t\t\t<div class=\"row\">\n\t\t\t\t\t<div class=\"small-6 large-5 columns\">\n\t\t\t\t\t\tEpilazione finalmente definitiva grazie all&#039;utilizzo del laser diodo. Nelle sedute viene inibita la crescita del pelo partendo dal bulbo pilifero. L&#039;epilazione laser con il diodo non solo \u00e8 veloce, ma \u00e8 anche il trattamento pi\u00f9 indolore tra quelli utilizzati. L&#039;unica sensazione che normalmente si avverte \u00e8 un leggero pizzicore; il raffreddamento integrato, garantisce addizionale comfort durante tuttoil trattamento. L&#039;epilazione laser con diodo \u00e8 considerata il ``top`` nell&#039;epilazione poich\u00e9 pi\u00f9 essere utilizzato su tutti i fototipie e garantisce risultati eccellenti nel minor numero di sedute. Un rapido passaggio del manipolo sulla zona da trattare \u00e8 sufficiente a danneggiare e rendere inattivo il follicolo pilifero, senza conseguenze per i tessuti circostanti. Le energie luminose sono risolutive per chi soffre di folicolite.\t\t\t\t\t<\/div>\n\t\t\t\t\t<div class=\"small-6 large-7 columns small-text-left medium-text-right thb-award-description\">\n\t\t\t\t\t\t<strong>15' 25' 50'<\/strong>\t\t\t\t\t<\/div>\n\t\t\t\t<\/div>\n\t\t\t<\/div>\n\t\t<\/div>\n\t<\/div>\n\t\t<div class=\"thb-awards row\">\n\t\t<div class=\"small-12 large-3 columns\">\n\t\t\t<span class=\"award-date\">ABRALASE - VISO<\/span>\n\t\t<\/div>\n\t\t<div class=\"columns\">\n\t\t\t<div class=\"award-container\">\n\t\t\t\t<div class=\"row\">\n\t\t\t\t\t<div class=\"small-6 large-5 columns\">\n\t\t\t\t\t\tModerna ed efficace microdermo.abrasione che elimina gli strati pi\u00f9 superficiali dell&#039;epidermide, senza danneggiare in alcun modo la struttura architettonica della cute. Oltre all&#039;esfoliazione controllata degli strati pi\u00f9 superficiali della cute, viene stimolato l&#039;incremento della circolazione sanguigna nel derma e della produzione di collagene attraverso l&#039;applicazione del vacuo permettendo cos\u00ec di far penetrare le sostanze che proteggono, idratano e rigenerano la pelle.\t\t\t\t\t<\/div>\n\t\t\t\t\t<div class=\"small-6 large-7 columns small-text-left medium-text-right thb-award-description\">\n\t\t\t\t\t\t<strong>25' 50' 80'<\/strong>\t\t\t\t\t<\/div>\n\t\t\t\t<\/div>\n\t\t\t<\/div>\n\t\t<\/div>\n\t<\/div>\n\t\t<div class=\"thb-awards row\">\n\t\t<div class=\"small-12 large-3 columns\">\n\t\t\t<span class=\"award-date\">FRACTION RF CON MICROEEDLING<\/span>\n\t\t<\/div>\n\t\t<div class=\"columns\">\n\t\t\t<div class=\"award-container\">\n\t\t\t\t<div class=\"row\">\n\t\t\t\t\t<div class=\"small-6 large-5 columns\">\n\t\t\t\t\t\tModerna ed efficace microdermo.abrasione che elimina gli strati pi\u00f9 superficiali dell&#039;epidermide, senza danneggiare in alcun modo la struttura architettonica della cute. Oltre all&#039;esfoliazione controllata degli strati pi\u00f9 superficiali della cute, viene stimolato l&#039;incremento della circolazione sanguigna nel derma e della produzione di collagene attraverso l&#039;applicazione del vacuo permettendo cos\u00ec di far penetrare le sostanze che proteggono, idratano e rigenerano la pelle.\t\t\t\t\t<\/div>\n\t\t\t\t\t<div class=\"small-6 large-7 columns small-text-left medium-text-right thb-award-description\">\n\t\t\t\t\t\t<strong>55'<\/strong>\t\t\t\t\t<\/div>\n\t\t\t\t<\/div>\n\t\t\t<\/div>\n\t\t<\/div>\n\t<\/div>\n\t\t<div class=\"thb-awards row\">\n\t\t<div class=\"small-12 large-3 columns\">\n\t\t\t<span class=\"award-date\">MESO - VISO E CORPO<\/span>\n\t\t<\/div>\n\t\t<div class=\"columns\">\n\t\t\t<div class=\"award-container\">\n\t\t\t\t<div class=\"row\">\n\t\t\t\t\t<div class=\"small-6 large-5 columns\">\n\t\t\t\t\t\telettrotrazione per aumentare la probabilit\u00e0 di penetrazione nei tessuti interessati (cute) di principi attivi con funzionalit\u00e0 mirate (biostimolanti, vitamine e aminoacidi)\t\t\t\t\t<\/div>\n\t\t\t\t\t<div class=\"small-6 large-7 columns small-text-left medium-text-right thb-award-description\">\n\t\t\t\t\t\t<strong>25' 50'<\/strong>\t\t\t\t\t<\/div>\n\t\t\t\t<\/div>\n\t\t\t<\/div>\n\t\t<\/div>\n\t<\/div>\n\t\t<div class=\"thb-awards row\">\n\t\t<div class=\"small-12 large-3 columns\">\n\t\t\t<span class=\"award-date\">FLASH RF - VISO E CORPO<\/span>\n\t\t<\/div>\n\t\t<div class=\"columns\">\n\t\t\t<div class=\"award-container\">\n\t\t\t\t<div class=\"row\">\n\t\t\t\t\t<div class=\"small-6 large-5 columns\">\n\t\t\t\t\t\tTecnologia viso e corpo che utilizza la combinazione di aspirazione modulata e radiofrequenza di superficie per il trattamento di rigenerazione, elasticit\u00e0 e aumento del metabolismo cellulare del derma. Favorisce, inoltre anche un efficace drenaggio linfatico.\t\t\t\t\t<\/div>\n\t\t\t\t\t<div class=\"small-6 large-7 columns small-text-left medium-text-right thb-award-description\">\n\t\t\t\t\t\t<strong>25' 50' 80'<\/strong>\t\t\t\t\t<\/div>\n\t\t\t\t<\/div>\n\t\t\t<\/div>\n\t\t<\/div>\n\t<\/div>\n\t\t<div class=\"thb-awards row\">\n\t\t<div class=\"small-12 large-3 columns\">\n\t\t\t<span class=\"award-date\">SUB RF - VISO E CORPO<\/span>\n\t\t<\/div>\n\t\t<div class=\"columns\">\n\t\t\t<div class=\"award-container\">\n\t\t\t\t<div class=\"row\">\n\t\t\t\t\t<div class=\"small-6 large-5 columns\">\n\t\t\t\t\t\tRimodellare efficacemente viso e corpo. Tecnologia viso e corpo che unisce gli effetti della radiofrequenza monocolore e dell&#039;aspirazione ritmata per migliorare la circolazione, rassodare, tonificare, drenare e ridurre le adiposit\u00e0.\t\t\t\t\t<\/div>\n\t\t\t\t\t<div class=\"small-6 large-7 columns small-text-left medium-text-right thb-award-description\">\n\t\t\t\t\t\t<strong>25' 50' 80'<\/strong>\t\t\t\t\t<\/div>\n\t\t\t\t<\/div>\n\t\t\t<\/div>\n\t\t<\/div>\n\t<\/div>\n\t\t<div class=\"thb-awards row\">\n\t\t<div class=\"small-12 large-3 columns\">\n\t\t\t<span class=\"award-date\">SONO BEAT - CORPO<\/span>\n\t\t<\/div>\n\t\t<div class=\"columns\">\n\t\t\t<div class=\"award-container\">\n\t\t\t\t<div class=\"row\">\n\t\t\t\t\t<div class=\"small-6 large-5 columns\">\n\t\t\t\t\t\tOnde sonore ad alta frequenza e vacuum ritmato per un massaggio tessutale dai molteplici effetti. Utile per trattare gli inestetismi cutanei causati dalla cellulite, migliora la bonificazione tessutale e riduce gli edemi (estetici) di varie origini.\t\t\t\t\t<\/div>\n\t\t\t\t\t<div class=\"small-6 large-7 columns small-text-left medium-text-right thb-award-description\">\n\t\t\t\t\t\t<strong>50' 80'<\/strong>\t\t\t\t\t<\/div>\n\t\t\t\t<\/div>\n\t\t\t<\/div>\n\t\t<\/div>\n\t<\/div>\n\t\t<div class=\"thb-awards row\">\n\t\t<div class=\"small-12 large-3 columns\">\n\t\t\t<span class=\"award-date\">LINFODRENAGGIO CON PRESSOMASSAGGIO<\/span>\n\t\t<\/div>\n\t\t<div class=\"columns\">\n\t\t\t<div class=\"award-container\">\n\t\t\t\t<div class=\"row\">\n\t\t\t\t\t<div class=\"small-6 large-5 columns\">\n\t\t\t\t\t\tEfficace tecnologia per supportare l&#039;eliminazione e il drenaggio di liquidi in eccesso su piedi, gambe e addome. Il risultato viene amplificato grazie alla sinergia massaggio con tecnologia e cosmetici funzionale specifici per l&#039;inestetismo.\t\t\t\t\t<\/div>\n\t\t\t\t\t<div class=\"small-6 large-7 columns small-text-left medium-text-right thb-award-description\">\n\t\t\t\t\t\t<strong>25' 50'<\/strong>\t\t\t\t\t<\/div>\n\t\t\t\t<\/div>\n\t\t\t<\/div>\n\t\t<\/div>\n\t<\/div>\n\t\t<\/div>\n\t[\/vc_column][vc_column width=&#8221;1\/6&#8243;][\/vc_column][\/vc_row]\n<\/div>","protected":false},"excerpt":{"rendered":"<p>[vc_row thb_full_width=&#8221;true&#8221; thb_row_padding=&#8221;true&#8221; thb_column_padding=&#8221;true&#8221; full_height=&#8221;yes&#8221; columns_placement=&#8221;bottom&#8221; content_placement=&#8221;middle&#8221; thb_scroll_bottom=&#8221;true&#8221; thb_divider_position=&#8221;bottom&#8221; css=&#8221;.vc_custom_1678793003311{margin-right: 15px !important;margin-left: 15px !important;padding-top: 5vh !important;padding-bottom: 5vh !important;background-image: url(https:\/\/www.aquamore.it\/stezzano-spa-e-wellness\/wp-content\/uploads\/sites\/18\/2023\/03\/1525869627.jpg?id=2590) !important;background-position: center !important;background-repeat: no-repeat !important;background-size: cover !important;}&#8221; bg_gradient1=&#8221;rgba(255,255,255,0.2)&#8221; bg_gradient2=&#8221;rgba(255,255,255,0.2)&#8221;][vc_column width=&#8221;1\/6&#8243;][\/vc_column][vc_column width=&#8221;2\/3&#8243;][vc_custom_heading text=&#8221;Technology&#8221; font_container=&#8221;tag:h1|text_align:center&#8221; use_theme_fonts=&#8221;yes&#8221;][\/vc_column][vc_column width=&#8221;1\/6&#8243;][\/vc_column][\/vc_row][vc_row thb_full_width=&#8221;true&#8221; thb_row_padding=&#8221;true&#8221; thb_column_padding=&#8221;true&#8221; full_height=&#8221;yes&#8221; columns_placement=&#8221;bottom&#8221; rtl_reverse=&#8221;yes&#8221; content_placement=&#8221;middle&#8221; thb_scroll_bottom=&#8221;true&#8221; thb_divider_position=&#8221;bottom&#8221; css=&#8221;.vc_custom_1669113389474{margin-right: 15px !important;margin-left: 15px !important;padding-top: 5vh !important;padding-bottom: 5vh !important;background-position: center !important;background-repeat: no-repeat&hellip;<\/p>\n","protected":false},"author":7,"featured_media":0,"parent":0,"menu_order":0,"comment_status":"closed","ping_status":"closed","template":"","meta":{"_acf_changed":false,"inline_featured_image":false,"_uf_show_specific_survey":0,"_uf_disable_surveys":false,"footnotes":""},"class_list":["post-2458","page","type-page","status-publish","hentry"],"acf":[],"_links":{"self":[{"href":"https:\/\/www.aquamore.it\/stezzano-spa-e-wellness\/wp-json\/wp\/v2\/pages\/2458","targetHints":{"allow":["GET"]}}],"collection":[{"href":"https:\/\/www.aquamore.it\/stezzano-spa-e-wellness\/wp-json\/wp\/v2\/pages"}],"about":[{"href":"https:\/\/www.aquamore.it\/stezzano-spa-e-wellness\/wp-json\/wp\/v2\/types\/page"}],"author":[{"embeddable":true,"href":"https:\/\/www.aquamore.it\/stezzano-spa-e-wellness\/wp-json\/wp\/v2\/users\/7"}],"replies":[{"embeddable":true,"href":"https:\/\/www.aquamore.it\/stezzano-spa-e-wellness\/wp-json\/wp\/v2\/comments?post=2458"}],"version-history":[{"count":5,"href":"https:\/\/www.aquamore.it\/stezzano-spa-e-wellness\/wp-json\/wp\/v2\/pages\/2458\/revisions"}],"predecessor-version":[{"id":2591,"href":"https:\/\/www.aquamore.it\/stezzano-spa-e-wellness\/wp-json\/wp\/v2\/pages\/2458\/revisions\/2591"}],"wp:attachment":[{"href":"https:\/\/www.aquamore.it\/stezzano-spa-e-wellness\/wp-json\/wp\/v2\/media?parent=2458"}],"curies":[{"name":"wp","href":"https:\/\/api.w.org\/{rel}","templated":true}]}}