{"id":361,"date":"2019-06-14T16:12:25","date_gmt":"2019-06-14T14:12:25","guid":{"rendered":"http:\/\/www.aquamore.it\/villafranca\/?page_id=361"},"modified":"2024-11-24T15:07:57","modified_gmt":"2024-11-24T14:07:57","slug":"prezzi-e-abbonamenti","status":"publish","type":"page","link":"https:\/\/www.aquamore.it\/stezzano-spa-e-wellness\/prezzi-e-abbonamenti\/","title":{"rendered":"Massaggi"},"content":{"rendered":"<div class=\"wpb-content-wrapper\">[vc_row thb_full_width=&#8221;true&#8221; thb_row_padding=&#8221;true&#8221; thb_column_padding=&#8221;true&#8221; full_height=&#8221;yes&#8221; columns_placement=&#8221;bottom&#8221; content_placement=&#8221;middle&#8221; thb_scroll_bottom=&#8221;true&#8221; thb_scroll_bottom_color=&#8221;light&#8221; thb_divider_position=&#8221;bottom&#8221; css=&#8221;.vc_custom_1678792434206{padding-top: 10vh !important;padding-bottom: 10vh !important;background-image: url(https:\/\/www.aquamore.it\/stezzano-spa-e-wellness\/wp-content\/uploads\/sites\/18\/2019\/06\/Massaggi-stezzano.jpeg?id=2586) !important;background-position: center !important;background-repeat: no-repeat !important;background-size: cover !important;}&#8221; bg_gradient1=&#8221;rgba(0,0,0,0.2)&#8221; bg_gradient2=&#8221;rgba(0,0,0,0.2)&#8221;][vc_column width=&#8221;1\/6&#8243;][\/vc_column][vc_column width=&#8221;2\/3&#8243;][vc_custom_heading text=&#8221;Massaggi&#8221; font_container=&#8221;tag:h1|text_align:center|color:rgba(255%2C255%2C255%2C0.8)&#8221; use_theme_fonts=&#8221;yes&#8221;][\/vc_column][vc_column width=&#8221;1\/6&#8243;][\/vc_column][\/vc_row][vc_row thb_divider_position=&#8221;bottom&#8221; css=&#8221;.vc_custom_1560526528132{margin-right: 15px !important;margin-left: 15px !important;padding-top: 5vh !important;padding-bottom: 5vh !important;}&#8221; el_class=&#8221;contenitore&#8221;][vc_column width=&#8221;1\/6&#8243;][\/vc_column][vc_column width=&#8221;2\/3&#8243;]\t<div id=\"thb-awards-55\" class=\"thb-awards-parent\">\n\t\t\t<div class=\"thb-awards row\">\n\t\t<div class=\"small-12 large-3 columns\">\n\t\t\t<span class=\"award-date\">Massaggio rilassante<\/span>\n\t\t<\/div>\n\t\t<div class=\"columns\">\n\t\t\t<div class=\"award-container\">\n\t\t\t\t<div class=\"row\">\n\t\t\t\t\t<div class=\"small-6 large-5 columns\">\n\t\t\t\t\t\tIl massaggio dolce e delicato per rilassare corpo e mente\t\t\t\t\t<\/div>\n\t\t\t\t\t<div class=\"small-6 large-7 columns small-text-left medium-text-right thb-award-description\">\n\t\t\t\t\t\t<strong>25'  50'<\/strong>\t\t\t\t\t<\/div>\n\t\t\t\t<\/div>\n\t\t\t<\/div>\n\t\t<\/div>\n\t<\/div>\n\t\t<div class=\"thb-awards row\">\n\t\t<div class=\"small-12 large-3 columns\">\n\t\t\t<span class=\"award-date\">Massaggio Svedese<\/span>\n\t\t<\/div>\n\t\t<div class=\"columns\">\n\t\t\t<div class=\"award-container\">\n\t\t\t\t<div class=\"row\">\n\t\t\t\t\t<div class=\"small-6 large-5 columns\">\n\t\t\t\t\t\tIl massaggio pi\u00f9 classico della tradizione europea. Manovre dinamiche e profonde per il pre o il dopo sport.\t\t\t\t\t<\/div>\n\t\t\t\t\t<div class=\"small-6 large-7 columns small-text-left medium-text-right thb-award-description\">\n\t\t\t\t\t\t<strong>25'  50'<\/strong>\t\t\t\t\t<\/div>\n\t\t\t\t<\/div>\n\t\t\t<\/div>\n\t\t<\/div>\n\t<\/div>\n\t\t<div class=\"thb-awards row\">\n\t\t<div class=\"small-12 large-3 columns\">\n\t\t\t<span class=\"award-date\">Massaggio lomilomi<\/span>\n\t\t<\/div>\n\t\t<div class=\"columns\">\n\t\t\t<div class=\"award-container\">\n\t\t\t\t<div class=\"row\">\n\t\t\t\t\t<div class=\"small-6 large-5 columns\">\n\t\t\t\t\t\tMassaggio dal puro stile hawaiano che viene eseguito con movimenti ritmici e avvolgenti, prediligendo l&#039;uso dell&#039;avambraccio.\t\t\t\t\t<\/div>\n\t\t\t\t\t<div class=\"small-6 large-7 columns small-text-left medium-text-right thb-award-description\">\n\t\t\t\t\t\t<strong>50' 80'<\/strong>\t\t\t\t\t<\/div>\n\t\t\t\t<\/div>\n\t\t\t<\/div>\n\t\t<\/div>\n\t<\/div>\n\t\t<div class=\"thb-awards row\">\n\t\t<div class=\"small-12 large-3 columns\">\n\t\t\t<span class=\"award-date\">butterfly massage<\/span>\n\t\t<\/div>\n\t\t<div class=\"columns\">\n\t\t\t<div class=\"award-container\">\n\t\t\t\t<div class=\"row\">\n\t\t\t\t\t<div class=\"small-6 large-5 columns\">\n\t\t\t\t\t\tIl massaggio armonico e dinamizzante a base di soffici burri vegetali per dare tono ed elasticit\u00e0 anche alle pelli pi\u00f9 in difficolt\u00e0.\t\t\t\t\t<\/div>\n\t\t\t\t\t<div class=\"small-6 large-7 columns small-text-left medium-text-right thb-award-description\">\n\t\t\t\t\t\t<strong>25' 50'<\/strong>\t\t\t\t\t<\/div>\n\t\t\t\t<\/div>\n\t\t\t<\/div>\n\t\t<\/div>\n\t<\/div>\n\t\t<div class=\"thb-awards row\">\n\t\t<div class=\"small-12 large-3 columns\">\n\t\t\t<span class=\"award-date\">candle massage<\/span>\n\t\t<\/div>\n\t\t<div class=\"columns\">\n\t\t\t<div class=\"award-container\">\n\t\t\t\t<div class=\"row\">\n\t\t\t\t\t<div class=\"small-6 large-5 columns\">\n\t\t\t\t\t\tIl massaggio che illumina la tua pelle. La trasparenza e la purezza di preziosi burri vegetali che diventano luce per appoggiarsi sulla pelle, illuminandola, nutrendola e arricchendola di fragranze uniche ed esclusive.\t\t\t\t\t<\/div>\n\t\t\t\t\t<div class=\"small-6 large-7 columns small-text-left medium-text-right thb-award-description\">\n\t\t\t\t\t\t<strong>50' 80'<\/strong>\t\t\t\t\t<\/div>\n\t\t\t\t<\/div>\n\t\t\t<\/div>\n\t\t<\/div>\n\t<\/div>\n\t\t<div class=\"thb-awards row\">\n\t\t<div class=\"small-12 large-3 columns\">\n\t\t\t<span class=\"award-date\">massaggio alla schiena<\/span>\n\t\t<\/div>\n\t\t<div class=\"columns\">\n\t\t\t<div class=\"award-container\">\n\t\t\t\t<div class=\"row\">\n\t\t\t\t\t<div class=\"small-6 large-5 columns\">\n\t\t\t\t\t\tIl massaggio mirato alla parte del corpo li maggior carico.\t\t\t\t\t<\/div>\n\t\t\t\t\t<div class=\"small-6 large-7 columns small-text-left medium-text-right thb-award-description\">\n\t\t\t\t\t\t<strong>25' 50'<\/strong>\t\t\t\t\t<\/div>\n\t\t\t\t<\/div>\n\t\t\t<\/div>\n\t\t<\/div>\n\t<\/div>\n\t\t<div class=\"thb-awards row\">\n\t\t<div class=\"small-12 large-3 columns\">\n\t\t\t<span class=\"award-date\">massaggio viso, collo, spalle<\/span>\n\t\t<\/div>\n\t\t<div class=\"columns\">\n\t\t\t<div class=\"award-container\">\n\t\t\t\t<div class=\"row\">\n\t\t\t\t\t<div class=\"small-6 large-5 columns\">\n\t\t\t\t\t\tIl massaggio in stile giapponese per dinamizzare ogni singolo muscolo facciale e liberare il collo e le spalle da fastidiose e inutili tensioni.\t\t\t\t\t<\/div>\n\t\t\t\t\t<div class=\"small-6 large-7 columns small-text-left medium-text-right thb-award-description\">\n\t\t\t\t\t\t<strong>25'<\/strong>\t\t\t\t\t<\/div>\n\t\t\t\t<\/div>\n\t\t\t<\/div>\n\t\t<\/div>\n\t<\/div>\n\t\t<div class=\"thb-awards row\">\n\t\t<div class=\"small-12 large-3 columns\">\n\t\t\t<span class=\"award-date\">massaggio del piede<\/span>\n\t\t<\/div>\n\t\t<div class=\"columns\">\n\t\t\t<div class=\"award-container\">\n\t\t\t\t<div class=\"row\">\n\t\t\t\t\t<div class=\"small-6 large-5 columns\">\n\t\t\t\t\t\tSi massaggiano i piedi per dare sollievo e benessere a tutto il corpo.\t\t\t\t\t<\/div>\n\t\t\t\t\t<div class=\"small-6 large-7 columns small-text-left medium-text-right thb-award-description\">\n\t\t\t\t\t\t<strong>25'<\/strong>\t\t\t\t\t<\/div>\n\t\t\t\t<\/div>\n\t\t\t<\/div>\n\t\t<\/div>\n\t<\/div>\n\t\t<div class=\"thb-awards row\">\n\t\t<div class=\"small-12 large-3 columns\">\n\t\t\t<span class=\"award-date\">massaggio delle mani<\/span>\n\t\t<\/div>\n\t\t<div class=\"columns\">\n\t\t\t<div class=\"award-container\">\n\t\t\t\t<div class=\"row\">\n\t\t\t\t\t<div class=\"small-6 large-5 columns\">\n\t\t\t\t\t\tUn massaggio piacevole a una delle parti del corpo che usiamo di pi\u00f9.\t\t\t\t\t<\/div>\n\t\t\t\t\t<div class=\"small-6 large-7 columns small-text-left medium-text-right thb-award-description\">\n\t\t\t\t\t\t<strong>25'<\/strong>\t\t\t\t\t<\/div>\n\t\t\t\t<\/div>\n\t\t\t<\/div>\n\t\t<\/div>\n\t<\/div>\n\t\t<div class=\"thb-awards row\">\n\t\t<div class=\"small-12 large-3 columns\">\n\t\t\t<span class=\"award-date\">massaggio personalizzato<\/span>\n\t\t<\/div>\n\t\t<div class=\"columns\">\n\t\t\t<div class=\"award-container\">\n\t\t\t\t<div class=\"row\">\n\t\t\t\t\t<div class=\"small-6 large-5 columns\">\n\t\t\t\t\t\tIl massaggio ``su misura`` per i corpi particolarmente esigenti che hanno bisogno di attenzioni particolari.\t\t\t\t\t<\/div>\n\t\t\t\t\t<div class=\"small-6 large-7 columns small-text-left medium-text-right thb-award-description\">\n\t\t\t\t\t\t<strong>25' 50'<\/strong>\t\t\t\t\t<\/div>\n\t\t\t\t<\/div>\n\t\t\t<\/div>\n\t\t<\/div>\n\t<\/div>\n\t\t<div class=\"thb-awards row\">\n\t\t<div class=\"small-12 large-3 columns\">\n\t\t\t<span class=\"award-date\">massaggio tonificante anticellulite<\/span>\n\t\t<\/div>\n\t\t<div class=\"columns\">\n\t\t\t<div class=\"award-container\">\n\t\t\t\t<div class=\"row\">\n\t\t\t\t\t<div class=\"small-6 large-5 columns\">\n\t\t\t\t\t\tIl massaggio che aiuta a contrastare il grado di inestetismo della cellulite e degli accumuli adiposi.\t\t\t\t\t<\/div>\n\t\t\t\t\t<div class=\"small-6 large-7 columns small-text-left medium-text-right thb-award-description\">\n\t\t\t\t\t\t<strong>25' 50'<\/strong>\t\t\t\t\t<\/div>\n\t\t\t\t<\/div>\n\t\t\t<\/div>\n\t\t<\/div>\n\t<\/div>\n\t\t<div class=\"thb-awards row\">\n\t\t<div class=\"small-12 large-3 columns\">\n\t\t\t<span class=\"award-date\">massaggio silhouette<\/span>\n\t\t<\/div>\n\t\t<div class=\"columns\">\n\t\t\t<div class=\"award-container\">\n\t\t\t\t<div class=\"row\">\n\t\t\t\t\t<div class=\"small-6 large-5 columns\">\n\t\t\t\t\t\tIl massaggio per trattenere inestetismi specifici e ridisegnare la silhouette. Si consiglia di abbinare questo massaggio ai trattamenti avanzati corpo ``technology``.\t\t\t\t\t<\/div>\n\t\t\t\t\t<div class=\"small-6 large-7 columns small-text-left medium-text-right thb-award-description\">\n\t\t\t\t\t\t<strong>25' 50'<\/strong>\t\t\t\t\t<\/div>\n\t\t\t\t<\/div>\n\t\t\t<\/div>\n\t\t<\/div>\n\t<\/div>\n\t\t<div class=\"thb-awards row\">\n\t\t<div class=\"small-12 large-3 columns\">\n\t\t\t<span class=\"award-date\">linfodrenaggio<\/span>\n\t\t<\/div>\n\t\t<div class=\"columns\">\n\t\t\t<div class=\"award-container\">\n\t\t\t\t<div class=\"row\">\n\t\t\t\t\t<div class=\"small-6 large-5 columns\">\n\t\t\t\t\t\tIl massaggio con sfioramenti leggeri e dedicati dalla forte azione drenante sui tessuti. Si consigliano pi\u00f9 sedute per un miglior risultato.\t\t\t\t\t<\/div>\n\t\t\t\t\t<div class=\"small-6 large-7 columns small-text-left medium-text-right thb-award-description\">\n\t\t\t\t\t\t<strong>50' 80'<\/strong>\t\t\t\t\t<\/div>\n\t\t\t\t<\/div>\n\t\t\t<\/div>\n\t\t<\/div>\n\t<\/div>\n\t\t<div class=\"thb-awards row\">\n\t\t<div class=\"small-12 large-3 columns\">\n\t\t\t<span class=\"award-date\">massaggio liftante del viso<\/span>\n\t\t<\/div>\n\t\t<div class=\"columns\">\n\t\t\t<div class=\"award-container\">\n\t\t\t\t<div class=\"row\">\n\t\t\t\t\t<div class=\"small-6 large-5 columns\">\n\t\t\t\t\t\tIl massaggio viso che, lavorando con i punti di digitopressione della tradizione cinese, distende la muscolatura e contrasta i segni del tempo e di espressione.\t\t\t\t\t<\/div>\n\t\t\t\t\t<div class=\"small-6 large-7 columns small-text-left medium-text-right thb-award-description\">\n\t\t\t\t\t\t<strong>25'<\/strong>\t\t\t\t\t<\/div>\n\t\t\t\t<\/div>\n\t\t\t<\/div>\n\t\t<\/div>\n\t<\/div>\n\t\t<div class=\"thb-awards row\">\n\t\t<div class=\"small-12 large-3 columns\">\n\t\t\t<span class=\"award-date\">massaggio massaggio alle gambe<\/span>\n\t\t<\/div>\n\t\t<div class=\"columns\">\n\t\t\t<div class=\"award-container\">\n\t\t\t\t<div class=\"row\">\n\t\t\t\t\t<div class=\"small-6 large-5 columns\">\n\t\t\t\t\t\tPer alleggerire e rinfrescare le gambe e piedi particolarmente affaticati. Un efficace massaggio e speciali prodotti rinfrescanti per riprendere subito la voglia di volare.\t\t\t\t\t<\/div>\n\t\t\t\t\t<div class=\"small-6 large-7 columns small-text-left medium-text-right thb-award-description\">\n\t\t\t\t\t\t<strong>25' 50'<\/strong>\t\t\t\t\t<\/div>\n\t\t\t\t<\/div>\n\t\t\t<\/div>\n\t\t<\/div>\n\t<\/div>\n\t\t<\/div>\n\t[\/vc_column][vc_column width=&#8221;1\/6&#8243;][\/vc_column][\/vc_row]\n<\/div>","protected":false},"excerpt":{"rendered":"<p>[vc_row thb_full_width=&#8221;true&#8221; thb_row_padding=&#8221;true&#8221; thb_column_padding=&#8221;true&#8221; full_height=&#8221;yes&#8221; columns_placement=&#8221;bottom&#8221; content_placement=&#8221;middle&#8221; thb_scroll_bottom=&#8221;true&#8221; thb_scroll_bottom_color=&#8221;light&#8221; thb_divider_position=&#8221;bottom&#8221; css=&#8221;.vc_custom_1678792434206{padding-top: 10vh !important;padding-bottom: 10vh !important;background-image: url(https:\/\/www.aquamore.it\/stezzano-spa-e-wellness\/wp-content\/uploads\/sites\/18\/2019\/06\/Massaggi-stezzano.jpeg?id=2586) !important;background-position: center !important;background-repeat: no-repeat !important;background-size: cover !important;}&#8221; bg_gradient1=&#8221;rgba(0,0,0,0.2)&#8221; bg_gradient2=&#8221;rgba(0,0,0,0.2)&#8221;][vc_column width=&#8221;1\/6&#8243;][\/vc_column][vc_column width=&#8221;2\/3&#8243;][vc_custom_heading text=&#8221;Massaggi&#8221; font_container=&#8221;tag:h1|text_align:center|color:rgba(255%2C255%2C255%2C0.8)&#8221; use_theme_fonts=&#8221;yes&#8221;][\/vc_column][vc_column width=&#8221;1\/6&#8243;][\/vc_column][\/vc_row][vc_row thb_divider_position=&#8221;bottom&#8221; css=&#8221;.vc_custom_1560526528132{margin-right: 15px !important;margin-left: 15px !important;padding-top: 5vh !important;padding-bottom: 5vh !important;}&#8221; el_class=&#8221;contenitore&#8221;][vc_column width=&#8221;1\/6&#8243;][\/vc_column][vc_column width=&#8221;2\/3&#8243;][\/vc_column][vc_column width=&#8221;1\/6&#8243;][\/vc_column][\/vc_row]<\/p>\n","protected":false},"author":1,"featured_media":2586,"parent":0,"menu_order":0,"comment_status":"closed","ping_status":"closed","template":"","meta":{"_acf_changed":false,"_crdt_document":"","inline_featured_image":false,"_uf_show_specific_survey":0,"_uf_disable_surveys":false,"footnotes":""},"class_list":["post-361","page","type-page","status-publish","has-post-thumbnail","hentry"],"acf":[],"_links":{"self":[{"href":"https:\/\/www.aquamore.it\/stezzano-spa-e-wellness\/wp-json\/wp\/v2\/pages\/361","targetHints":{"allow":["GET"]}}],"collection":[{"href":"https:\/\/www.aquamore.it\/stezzano-spa-e-wellness\/wp-json\/wp\/v2\/pages"}],"about":[{"href":"https:\/\/www.aquamore.it\/stezzano-spa-e-wellness\/wp-json\/wp\/v2\/types\/page"}],"author":[{"embeddable":true,"href":"https:\/\/www.aquamore.it\/stezzano-spa-e-wellness\/wp-json\/wp\/v2\/users\/1"}],"replies":[{"embeddable":true,"href":"https:\/\/www.aquamore.it\/stezzano-spa-e-wellness\/wp-json\/wp\/v2\/comments?post=361"}],"version-history":[{"count":7,"href":"https:\/\/www.aquamore.it\/stezzano-spa-e-wellness\/wp-json\/wp\/v2\/pages\/361\/revisions"}],"predecessor-version":[{"id":2513,"href":"https:\/\/www.aquamore.it\/stezzano-spa-e-wellness\/wp-json\/wp\/v2\/pages\/361\/revisions\/2513"}],"wp:featuredmedia":[{"embeddable":true,"href":"https:\/\/www.aquamore.it\/stezzano-spa-e-wellness\/wp-json\/wp\/v2\/media\/2586"}],"wp:attachment":[{"href":"https:\/\/www.aquamore.it\/stezzano-spa-e-wellness\/wp-json\/wp\/v2\/media?parent=361"}],"curies":[{"name":"wp","href":"https:\/\/api.w.org\/{rel}","templated":true}]}}